{"id":861,"date":"2019-05-17T13:59:28","date_gmt":"2019-05-17T13:59:28","guid":{"rendered":"https:\/\/acticogroup.com\/impressum\/"},"modified":"2026-03-04T07:53:12","modified_gmt":"2026-03-04T07:53:12","slug":"impressum","status":"publish","type":"page","link":"https:\/\/acticogroup.com\/de\/impressum\/","title":{"rendered":"Impressum"},"content":{"rendered":"\n<section id=\"m-text__container-block_d249f44a3915a2db45309614f7e56ffb\" class=\"m-text__container u-pt-x10 u-pb-x10 u-pt-x20@md u-pb-x20@md u-color-white u-bgcolor-black\">\n    <div class=\"o-container\">\n        <div class=\"o-grid o-grid--center\">\n                <div class=\"o-grid__col u-8\/12@md\" data-aos=\"fade\">\n                    <h1>Impressum<\/h1>\n<p>Kombinationsimpressum (Anbieterkennzeichnung) aus Digitale-Dienste-Gesetz (DDG), Medienstaatsvertrag (MStV) und Informationen gem\u00e4\u00df Dienstleistungs-Informationspflichten-Verordnung (DL-InfoV) basierend auf der EU-Dienstleistungsrichtlinie (RL 2006\/123\/EG Amtsblatt der EU2006, L376\/36 \u201eDRLR\u201c)<br \/>\nInformationen gem\u00e4\u00df \u00a7 2 Absatz 1 Dienstleistungs-Informationspflichten-Verordnung (DL-InfoV).<\/p>\n<p><strong>Herausgeber Dienstanbieter<\/strong><\/p>\n<p>Die ACTICO-Webseiten sind ein Informationsangebot der ACTICO BidCo GmbH.<\/p>\n<p><strong>Verantwortlicher<\/strong><\/p>\n<p>ACTICO BidCo GmbH<br \/>\nWilhelm-Leuschner-Stra\u00dfe 81<br \/>\nD \u2013 60329 Frankfurt am Main<br \/>\nGermany<br \/>\nTel. +49\u00a0<span class=\"TextRun SCXW253393599 BCX8\" lang=\"DE-DE\" xml:lang=\"DE-DE\" data-contrast=\"auto\"><span class=\"NormalTextRun SCXW253393599 BCX8\">7541 39726-0<\/span><\/span><br \/>\nFax +49\u00a0<span class=\"TextRun SCXW253393599 BCX8\" lang=\"DE-DE\" xml:lang=\"DE-DE\" data-contrast=\"auto\"><span class=\"NormalTextRun SCXW253393599 BCX8\">7541 39726<\/span><\/span>-200<br \/>\nE-Mail:\u00a0<a href=\"mailto:info@actico.com\">info@actico.com<\/a><\/p>\n<p>Amtsgericht Frankfurt am Main, HRB 137509<\/p>\n<p><strong>Vertreten durch die Gesch\u00e4ftsf\u00fchrer<\/strong><\/p>\n<p><span data-olk-copy-source=\"MessageBody\">Stanilas de Tinguy du Pou\u00ebt<br \/>\n<\/span><span data-olk-copy-source=\"MessageBody\">Claus Petersen<br \/>\nHans J\u00fcrgen Rieder<\/span><\/p>\n<p>Finanzamt Frankfurt am Main<br \/>\nUSt.-Id-Nr.: DE 344 595 616<\/p>\n<p><strong>Kontakt\u00a0<\/strong><\/p>\n<p>Sie erreichen unseren Kundendienst f\u00fcr Fragen werktags von 07.00 Uhr bis 17.00 Uhr unter der Telefonnummer +49\u00a0<span class=\"TextRun SCXW253393599 BCX8\" lang=\"DE-DE\" xml:lang=\"DE-DE\" data-contrast=\"auto\"><span class=\"NormalTextRun SCXW253393599 BCX8\">7541 39726-0<\/span><\/span> sowie per E-Mail unter <a href=\"mailto:info@actico.com\">info@actico.com<\/a>.<\/p>\n<p><strong>Verantwortlicher f\u00fcr journalistisch redaktionelle Beitr\u00e4ge gem\u00e4\u00df \u00a7 18 MStV:<\/strong><\/p>\n<p>Manfred Beckers<br \/>\nHellersbergstra\u00dfe 11<br \/>\nD &#8211; 41460 Neuss<br \/>\nE-Mail: m.beckers@fact.de<\/p>\n<p><strong>Technische Betreuung dieser Website:<\/strong><\/p>\n<p>Johann Schuster<br \/>\nDaheimstra\u00dfe 49<br \/>\nD \u2013 47447 Moers<br \/>\nEmail: contact@johann-schuster.dev<\/p>\n<p><strong>Datenschutz und Informationssicherheit:<\/strong><\/p>\n<p>Email: data-security@actico.com<br \/>\nTel. +49\u00a0<span class=\"TextRun SCXW253393599 BCX8\" lang=\"DE-DE\" xml:lang=\"DE-DE\" data-contrast=\"auto\"><span class=\"NormalTextRun SCXW253393599 BCX8\">7541 39726-0<\/span><\/span><\/p>\n<p>Datenschutzbeauftragter:<\/p>\n<p>Aigner Business Solutions GmbH<br \/>\nGoldener Steig 42<br \/>\n94116 Hutthurm, Deutschland<br \/>\nTel.: +49 (0)8505 91927 &#8211; 20<br \/>\nEmail: <a href=\"mailto:tobias.damasko@aigner-business-solutions.com\">tobias.damasko@aigner-business-solutions.com<\/a><\/p>\n<p>&nbsp;<\/p>\n\n                <\/div>\n        <\/div>\n    <\/div>\n<\/section>","protected":false},"excerpt":{"rendered":"","protected":false},"author":1,"featured_media":0,"parent":0,"menu_order":28,"comment_status":"closed","ping_status":"closed","template":"","meta":{"_acf_changed":false,"footnotes":""},"class_list":["post-861","page","type-page","status-publish","hentry"],"acf":[],"yoast_head":"<!-- This site is optimized with the Yoast SEO plugin v27.4 - https:\/\/yoast.com\/product\/yoast-seo-wordpress\/ -->\n<title>Impressum - ACTICO Group<\/title>\n<meta name=\"robots\" content=\"index, follow, max-snippet:-1, max-image-preview:large, max-video-preview:-1\" \/>\n<link rel=\"canonical\" href=\"https:\/\/acticogroup.com\/de\/impressum\/\" \/>\n<meta property=\"og:locale\" content=\"de_DE\" \/>\n<meta property=\"og:type\" content=\"article\" \/>\n<meta property=\"og:title\" content=\"Impressum - ACTICO Group\" \/>\n<meta property=\"og:url\" content=\"https:\/\/acticogroup.com\/de\/impressum\/\" \/>\n<meta property=\"og:site_name\" content=\"ACTICO Group\" \/>\n<meta property=\"article:modified_time\" content=\"2026-03-04T07:53:12+00:00\" \/>\n<meta name=\"twitter:card\" content=\"summary_large_image\" \/>\n<script type=\"application\/ld+json\" class=\"yoast-schema-graph\">{\"@context\":\"https:\\\/\\\/schema.org\",\"@graph\":[{\"@type\":\"WebPage\",\"@id\":\"https:\\\/\\\/acticogroup.com\\\/de\\\/impressum\\\/\",\"url\":\"https:\\\/\\\/acticogroup.com\\\/de\\\/impressum\\\/\",\"name\":\"Impressum - ACTICO Group\",\"isPartOf\":{\"@id\":\"https:\\\/\\\/acticogroup.com\\\/de\\\/#website\"},\"datePublished\":\"2019-05-17T13:59:28+00:00\",\"dateModified\":\"2026-03-04T07:53:12+00:00\",\"breadcrumb\":{\"@id\":\"https:\\\/\\\/acticogroup.com\\\/de\\\/impressum\\\/#breadcrumb\"},\"inLanguage\":\"de\",\"potentialAction\":[{\"@type\":\"ReadAction\",\"target\":[\"https:\\\/\\\/acticogroup.com\\\/de\\\/impressum\\\/\"]}]},{\"@type\":\"BreadcrumbList\",\"@id\":\"https:\\\/\\\/acticogroup.com\\\/de\\\/impressum\\\/#breadcrumb\",\"itemListElement\":[{\"@type\":\"ListItem\",\"position\":1,\"name\":\"Startseite\",\"item\":\"https:\\\/\\\/acticogroup.com\\\/de\\\/\"},{\"@type\":\"ListItem\",\"position\":2,\"name\":\"Impressum\"}]},{\"@type\":\"WebSite\",\"@id\":\"https:\\\/\\\/acticogroup.com\\\/de\\\/#website\",\"url\":\"https:\\\/\\\/acticogroup.com\\\/de\\\/\",\"name\":\"ACTICO Group\",\"description\":\"\",\"potentialAction\":[{\"@type\":\"SearchAction\",\"target\":{\"@type\":\"EntryPoint\",\"urlTemplate\":\"https:\\\/\\\/acticogroup.com\\\/de\\\/?s={search_term_string}\"},\"query-input\":{\"@type\":\"PropertyValueSpecification\",\"valueRequired\":true,\"valueName\":\"search_term_string\"}}],\"inLanguage\":\"de\"}]}<\/script>\n<!-- \/ Yoast SEO plugin. -->","yoast_head_json":{"title":"Impressum - ACTICO Group","robots":{"index":"index","follow":"follow","max-snippet":"max-snippet:-1","max-image-preview":"max-image-preview:large","max-video-preview":"max-video-preview:-1"},"canonical":"https:\/\/acticogroup.com\/de\/impressum\/","og_locale":"de_DE","og_type":"article","og_title":"Impressum - ACTICO Group","og_url":"https:\/\/acticogroup.com\/de\/impressum\/","og_site_name":"ACTICO Group","article_modified_time":"2026-03-04T07:53:12+00:00","twitter_card":"summary_large_image","schema":{"@context":"https:\/\/schema.org","@graph":[{"@type":"WebPage","@id":"https:\/\/acticogroup.com\/de\/impressum\/","url":"https:\/\/acticogroup.com\/de\/impressum\/","name":"Impressum - ACTICO Group","isPartOf":{"@id":"https:\/\/acticogroup.com\/de\/#website"},"datePublished":"2019-05-17T13:59:28+00:00","dateModified":"2026-03-04T07:53:12+00:00","breadcrumb":{"@id":"https:\/\/acticogroup.com\/de\/impressum\/#breadcrumb"},"inLanguage":"de","potentialAction":[{"@type":"ReadAction","target":["https:\/\/acticogroup.com\/de\/impressum\/"]}]},{"@type":"BreadcrumbList","@id":"https:\/\/acticogroup.com\/de\/impressum\/#breadcrumb","itemListElement":[{"@type":"ListItem","position":1,"name":"Startseite","item":"https:\/\/acticogroup.com\/de\/"},{"@type":"ListItem","position":2,"name":"Impressum"}]},{"@type":"WebSite","@id":"https:\/\/acticogroup.com\/de\/#website","url":"https:\/\/acticogroup.com\/de\/","name":"ACTICO Group","description":"","potentialAction":[{"@type":"SearchAction","target":{"@type":"EntryPoint","urlTemplate":"https:\/\/acticogroup.com\/de\/?s={search_term_string}"},"query-input":{"@type":"PropertyValueSpecification","valueRequired":true,"valueName":"search_term_string"}}],"inLanguage":"de"}]}},"_links":{"self":[{"href":"https:\/\/acticogroup.com\/de\/wp-json\/wp\/v2\/pages\/861","targetHints":{"allow":["GET"]}}],"collection":[{"href":"https:\/\/acticogroup.com\/de\/wp-json\/wp\/v2\/pages"}],"about":[{"href":"https:\/\/acticogroup.com\/de\/wp-json\/wp\/v2\/types\/page"}],"author":[{"embeddable":true,"href":"https:\/\/acticogroup.com\/de\/wp-json\/wp\/v2\/users\/1"}],"replies":[{"embeddable":true,"href":"https:\/\/acticogroup.com\/de\/wp-json\/wp\/v2\/comments?post=861"}],"version-history":[{"count":11,"href":"https:\/\/acticogroup.com\/de\/wp-json\/wp\/v2\/pages\/861\/revisions"}],"predecessor-version":[{"id":2042,"href":"https:\/\/acticogroup.com\/de\/wp-json\/wp\/v2\/pages\/861\/revisions\/2042"}],"wp:attachment":[{"href":"https:\/\/acticogroup.com\/de\/wp-json\/wp\/v2\/media?parent=861"}],"curies":[{"name":"wp","href":"https:\/\/api.w.org\/{rel}","templated":true}]}}