{"id":1284,"date":"2025-03-13T13:59:12","date_gmt":"2025-03-13T13:59:12","guid":{"rendered":"https:\/\/acticogroup.com\/?page_id=1284"},"modified":"2025-03-14T08:29:40","modified_gmt":"2025-03-14T08:29:40","slug":"actico-group-und-keensight-capital","status":"publish","type":"page","link":"https:\/\/acticogroup.com\/de\/actico-group-und-keensight-capital\/","title":{"rendered":"ACTICO Group und Keensight Capital"},"content":{"rendered":"\n<section id=\"m-hero__container-block_ebc1d1e28ced8edbff82f03917975c22\" class=\"m-hero__container u-color-white u-bgcolor-black u-relative\" data-jarallax>\n    <img decoding=\"async\" src=\"https:\/\/acticogroup.com\/wp-content\/uploads\/2024\/07\/AG_Welle-1920x1068.jpg\" srcset=\"https:\/\/acticogroup.com\/wp-content\/uploads\/2024\/07\/AG_Welle-1920x1068.jpg 1920w, https:\/\/acticogroup.com\/wp-content\/uploads\/2024\/07\/AG_Welle-300x167.jpg 300w, https:\/\/acticogroup.com\/wp-content\/uploads\/2024\/07\/AG_Welle-1024x570.jpg 1024w, https:\/\/acticogroup.com\/wp-content\/uploads\/2024\/07\/AG_Welle-768x427.jpg 768w, https:\/\/acticogroup.com\/wp-content\/uploads\/2024\/07\/AG_Welle-1536x854.jpg 1536w, https:\/\/acticogroup.com\/wp-content\/uploads\/2024\/07\/AG_Welle-2048x1139.jpg 2048w\" sizes=\"(max-width: 1920px) 100vw, 1920px\" alt=\"\" class=\"jarallax-img\" \/>\n    <div class=\"o-container u-relative u-index--1 u-pt-x15 u-pb-x10 u-pt-x15@md u-pb-x15@md\">\n        <div class=\"o-grid o-grid--center u-text-center\">\n            <div class=\"o-grid__col u-8\/12@md u-mt-x6 u-mt-x0@sm\" data-aos=\"fade\">\n                <h2>Auf Wachstumskurs: ACTICO Group holt Keensight Capital als Investor an Bord<\/h2>\n<p>Keensight Capital, eine der f\u00fchrenden Private-Equity-Gesellschaften mit Fokus auf europaweite Growth-Buyout-Investments, \u00fcbernimmt die Mehrheitsbeteiligung an der ACTICO Group. Dies geschieht im Rahmen einer Exklusivvereinbarung mit Bregal Unternehmerkapital Funds, dem gr\u00f6\u00dften Mid-Cap-Investor mit Hauptsitz in der DACH-Region, der weiterhin beteiligt bleibt. Das Management-Team der ACTICO Group wird ebenfalls reinvestieren, um die erfolgreiche Entwicklung des Unternehmens weiter voranzutreiben.<\/p>\n\n            <\/div>\n        <\/div>\n    <\/div>\n<\/section>\n\n\n<section id=\"m-headline__container-block_241fa81ba0c15a8d06ce1714d21f01ec\" class=\"m-headline__container u-pt-x10 u-pb-x0 u-pt-x15@md u-pb-x0@md u-color-white u-bgcolor-black\">\n    <div class=\"o-container\">\n        <div class=\"o-grid o-grid--center u-text-center\">\n            <div class=\"o-grid__col u-10\/12@md\" data-aos=\"fade-up\"><h2>Kontinuit\u00e4t und Stabilit\u00e4t in der Unternehmensstruktur<\/h2><\/div>\n        <\/div>\n    <\/div>\n<\/section>\n\n\n<section id=\"about\" class=\"m-text__container u-pt-x10 u-pb-x10 u-pt-x5@md u-pb-x5@md u-color-white u-bgcolor-black\">\n    <div class=\"o-container\">\n        <div class=\"o-grid o-grid--center\">\n                <div class=\"o-grid__col u-8\/12@md\" data-aos=\"fade-up\">\n                    <h6 style=\"text-align: left;\">Seit der strategischen Neuausrichtung der ACTICO Group mit der Unterst\u00fctzung von Bregal Unternehmerkapital ist die Gruppe stark gewachsen. Das Management-Team hat sich erfolgreich neu aufgestellt und die Weichen f\u00fcr eine nachhaltige Expansion gestellt. An dieser bew\u00e4hrten Struktur wird sich auch in Zukunft nichts \u00e4ndern. Die ACTICO Group bleibt ihrem Kurs treu und setzt weiter auf innovative Technologien sowie zukunftsweisende digitale L\u00f6sungen f\u00fcr die Finanzdienstleistungsbranche in f\u00fcnf zentralen Gesch\u00e4ftsbereichen: Compliance, Verwaltung von Kapitalanlagen, Credit Risk, Daten &amp; Reporting sowie Decision Technology.<\/h6>\n<h6 style=\"text-align: left;\">Gemeinsam mit Bregal Unternehmerkapital wurde das Unternehmen erfolgreich weiterentwickelt und gest\u00e4rkt. Wir sind dankbar f\u00fcr die wertvolle Partnerschaft und Begleitung auf dem bisherigen Wachstumspfad. Nun geht die Gruppe mit Keensight Capital den n\u00e4chsten Schritt, der klar auf Internationalisierung und weiteres Wachstum ausgerichtet ist.<\/h6>\n\n                <\/div>\n        <\/div>\n    <\/div>\n<\/section>\n\n\n<section id=\"m-headline__container-block_0be50aa262a47eb0add54b55d8bb84d8\" class=\"m-headline__container u-pt-x10 u-pb-x0 u-pt-x10@md u-pb-x0@md u-color-white u-bgcolor-black\">\n    <div class=\"o-container\">\n        <div class=\"o-grid o-grid--center u-text-center\">\n            <div class=\"o-grid__col u-10\/12@md\" data-aos=\"fade-up\"><h2>Unterst\u00fctzung durch Keensight Capital f\u00fcr globales Unternehmenswachstum<\/h2><\/div>\n        <\/div>\n    <\/div>\n<\/section>\n\n\n<section id=\"about\" class=\"m-text__container u-pt-x10 u-pb-x10 u-pt-x5@md u-pb-x15@md u-color-white u-bgcolor-black\">\n    <div class=\"o-container\">\n        <div class=\"o-grid o-grid--center\">\n                <div class=\"o-grid__col u-8\/12@md\" data-aos=\"fade-up\">\n                    <h6 style=\"text-align: left;\">Mit Keensight Capital gewinnt die ACTICO Group einen starken Partner mit umfassender Erfahrung in der Skalierung von Softwareunternehmen und einem weitreichenden globalen Netzwerk. Keensight wird die ACTICO Group dabei unterst\u00fctzen, ihre Marktposition in bestehenden Regionen zu st\u00e4rken und ihre internationale Expansion voranzutreiben. Gleichzeitig wird die Gruppe konsequent und gezielt in die Weiterentwicklung ihres Produktportfolios investieren.<\/h6>\n\n                <\/div>\n        <\/div>\n    <\/div>\n<\/section>\n\n\n<section id=\"m-teaser__container-block_603d15296a866d38bb0dadd585bfc73a\" class=\"m-teaser__container u-pt-x10 u-pb-x10 u-pt-x10@md u-pb-x10@md u-relative u-color-white u-bgcolor-black\" data-jarallax>\n    <img decoding=\"async\" src=\"https:\/\/acticogroup.com\/wp-content\/uploads\/2024\/08\/AG_Raute.jpg\" srcset=\"https:\/\/acticogroup.com\/wp-content\/uploads\/2024\/08\/AG_Raute.jpg 1920w, https:\/\/acticogroup.com\/wp-content\/uploads\/2024\/08\/AG_Raute-300x185.jpg 300w, https:\/\/acticogroup.com\/wp-content\/uploads\/2024\/08\/AG_Raute-1024x630.jpg 1024w, https:\/\/acticogroup.com\/wp-content\/uploads\/2024\/08\/AG_Raute-768x472.jpg 768w, https:\/\/acticogroup.com\/wp-content\/uploads\/2024\/08\/AG_Raute-1536x945.jpg 1536w\" sizes=\"(max-width: 1920px) 100vw, 1920px\" alt=\"\" class=\"jarallax-img\" \/>\n    <div class=\"o-container\">\n        <div class=\"o-grid o-grid--center u-text-center\">\n                <div class=\"m-teaser__image-text o-grid__col u-mv-x5 u-mv-x10@sm u-6\/12@sm\" data-aos=\"fade-up\">\n                \n                    <figure class=\"u-relative u-block u-full--height o-type-small\">\n                        <img decoding=\"async\" src=\"https:\/\/acticogroup.com\/wp-content\/uploads\/2025\/03\/ACTICO-Group-Logo_negativ-2-300x71.png\" srcset=\"https:\/\/acticogroup.com\/wp-content\/uploads\/2025\/03\/ACTICO-Group-Logo_negativ-2-300x71.png 300w, https:\/\/acticogroup.com\/wp-content\/uploads\/2025\/03\/ACTICO-Group-Logo_negativ-2-768x181.png 768w, https:\/\/acticogroup.com\/wp-content\/uploads\/2025\/03\/ACTICO-Group-Logo_negativ-2.png 850w\" sizes=\"(max-width: 360px) 100vw, 360px\" alt=\"\" class=\"u-mb-x7\" \/><div><hr class=\"u-mb-x5\" \/><\/div>\n                        <figcaption><h3 style=\"text-align: center;\">\u00a0\u201eWir freuen uns, dass Keensight Capital uns ab sofort auf unserer Vision begleitet. Diese Partnerschaft erm\u00f6glicht es uns, die n\u00e4chste Phase unseres Wachstumskurses einzul\u00e4uten. Die Expertise von Keensight in der Skalierung von Softwareunternehmen und ihr globales Netzwerk werden uns helfen, neue M\u00f6glichkeiten in unseren Kernm\u00e4rkten zu nutzen und unseren Kunden noch mehr Mehrwert zu bieten.\u201c<\/h3>\n<p>&nbsp;<\/p>\n<h6 style=\"text-align: center;\"><em>&#8211; Hans J\u00fcrgen Rieder, CEO ACTICO Group &#8211;<\/em><\/h6>\n<\/figcaption>\n                    <\/figure>\n                    \n                <\/div>\n        <\/div>\n    <\/div>\n<\/section>\n\n\n<section id=\"m-teaser__container-block_2635a9da198451c9982aa09206725efa\" class=\"m-teaser__container u-pt-x10 u-pb-x10 u-pt-x10@md u-pb-x10@md u-relative u-color-white u-bgcolor-black\" data-jarallax>\n    <img decoding=\"async\" src=\"https:\/\/acticogroup.com\/wp-content\/uploads\/2024\/07\/AG_Streifen_heller.jpg\" srcset=\"https:\/\/acticogroup.com\/wp-content\/uploads\/2024\/07\/AG_Streifen_heller.jpg 1920w, https:\/\/acticogroup.com\/wp-content\/uploads\/2024\/07\/AG_Streifen_heller-300x200.jpg 300w, https:\/\/acticogroup.com\/wp-content\/uploads\/2024\/07\/AG_Streifen_heller-1024x683.jpg 1024w, https:\/\/acticogroup.com\/wp-content\/uploads\/2024\/07\/AG_Streifen_heller-768x512.jpg 768w, https:\/\/acticogroup.com\/wp-content\/uploads\/2024\/07\/AG_Streifen_heller-1536x1024.jpg 1536w, https:\/\/acticogroup.com\/wp-content\/uploads\/2024\/07\/AG_Streifen_heller-480x320.jpg 480w\" sizes=\"(max-width: 1920px) 100vw, 1920px\" alt=\"\" class=\"jarallax-img\" \/>\n    <div class=\"o-container\">\n        <div class=\"o-grid o-grid--center u-text-center\">\n                <div class=\"m-teaser__image-text o-grid__col u-mv-x5 u-mv-x10@sm u-6\/12@sm\" data-aos=\"fade-up\">\n                \n                    <figure class=\"u-relative u-block u-full--height o-type-small\">\n                        <img decoding=\"async\" src=\"https:\/\/acticogroup.com\/wp-content\/uploads\/2025\/03\/Logo_Keensight_gross-300x64.png\" srcset=\"https:\/\/acticogroup.com\/wp-content\/uploads\/2025\/03\/Logo_Keensight_gross-300x64.png 300w, https:\/\/acticogroup.com\/wp-content\/uploads\/2025\/03\/Logo_Keensight_gross.png 737w\" sizes=\"(max-width: 360px) 100vw, 360px\" alt=\"\" class=\"u-mb-x7\" \/><div><hr class=\"u-mb-x5\" \/><\/div>\n                        <figcaption><h3 style=\"text-align: center;\">\u00a0\u201eACTICO Group ist hervorragend positioniert, um vom dynamisch wachsenden Markt f\u00fcr Kredit- und Compliance-Software zu profitieren. Mit seinem erfahrenen und innovativen Management-Team freuen wir uns darauf, das Unternehmen in seiner Expansion zu unterst\u00fctzen und sein Wachstum in bestehenden sowie neuen M\u00e4rkten zu beschleunigen.\u201c<\/h3>\n<p>&nbsp;<\/p>\n<h6 style=\"text-align: center;\"><em>&#8211; Stanislas de Tinguy, Partner bei Keensight Capital &#8211;<\/em><\/h6>\n<\/figcaption>\n                    <\/figure>\n                    \n                <\/div>\n        <\/div>\n    <\/div>\n<\/section>\n\n\n<section id=\"m-teaser__container-block_a116d9531b454ec2b7d629db6a6f876a\" class=\"m-teaser__container u-pt-x5 u-pb-x15 u-pt-x10@md u-pb-x10@md u-relative u-color-white u-bgcolor-black\" data-jarallax>\n    \n    <div class=\"o-container\">\n        <div class=\"o-grid o-grid--center u-text-center\">\n                <div class=\"m-teaser__image-text o-grid__col u-mv-x5 u-mv-x10@sm u-6\/12@sm\" data-aos=\"fade-up\">\n                \n                    <figure class=\"u-relative u-block u-full--height o-type-small\">\n                        <img decoding=\"async\" src=\"https:\/\/acticogroup.com\/wp-content\/uploads\/2025\/03\/Logo_Keensight_gross-300x64.png\" srcset=\"https:\/\/acticogroup.com\/wp-content\/uploads\/2025\/03\/Logo_Keensight_gross-300x64.png 300w, https:\/\/acticogroup.com\/wp-content\/uploads\/2025\/03\/Logo_Keensight_gross.png 737w\" sizes=\"(max-width: 360px) 100vw, 360px\" alt=\"\" class=\"u-mb-x7\" \/><div><hr class=\"u-mb-x5\" \/><\/div>\n                        <figcaption><h3 style=\"text-align: center;\">\u00a0\u00dcber Keensight Capital<\/h3>\n<h6><\/h6>\n<h6 style=\"text-align: left;\">Keensight Capital ist eine der f\u00fchrenden europ\u00e4ischen Growth-Buyout-Gesellschaften und spezialisiert auf die Unterst\u00fctzung von Unternehmern bei der Umsetzung nachhaltiger Wachstumsstrategien. Mit \u00fcber 25 Jahren Erfahrung und einem verwalteten Verm\u00f6gen von 5,5 Milliarden Euro investiert Keensight gezielt in profitabel wachsende Unternehmen mit einem Umsatz zwischen 10 Millionen und 400 Millionen Euro.<br \/>\nDank ausgepr\u00e4gter Branchenkompetenz in den Bereichen Technologie und Gesundheitswesen identifiziert Keensight die besten Investitionsm\u00f6glichkeiten in Europa und arbeitet eng mit den Management-Teams zusammen, um Kapital, strategische Beratung und operative Unterst\u00fctzung bereitzustellen. Keensight ist in mehr als 90 L\u00e4ndern weltweit t\u00e4tig und verf\u00fcgt \u00fcber Standorte in Paris, London, Boston und Singapur. <a href=\"http:\/\/www.keensight.com\" target=\"_blank\" rel=\"noopener\">www.keensight.com<\/a><\/h6>\n<\/figcaption>\n                    <\/figure>\n                    \n                <\/div>\n                <div class=\"m-teaser__image-text o-grid__col u-mv-x5 u-mv-x10@sm u-6\/12@sm\" data-aos=\"fade-up\">\n                \n                    <figure class=\"u-relative u-block u-full--height o-type-small\">\n                        <img decoding=\"async\" src=\"https:\/\/acticogroup.com\/wp-content\/uploads\/2025\/03\/BU-Logo_518x110px-300x64.png\" srcset=\"https:\/\/acticogroup.com\/wp-content\/uploads\/2025\/03\/BU-Logo_518x110px-300x64.png 300w, https:\/\/acticogroup.com\/wp-content\/uploads\/2025\/03\/BU-Logo_518x110px.png 518w\" sizes=\"(max-width: 360px) 100vw, 360px\" alt=\"\" class=\"u-mb-x7\" \/><div><hr class=\"u-mb-x5\" \/><\/div>\n                        <figcaption><h3 style=\"text-align: center;\">\u00a0\u00dcber Bregal Unternehmerkapital<\/h3>\n<h6><\/h6>\n<h6 style=\"text-align: left;\">BU Bregal Unternehmerkapital ist eine f\u00fchrende Investmentgesellschaft mit Standorten in Zug, M\u00fcnchen, Mailand und London. Mit bisher eingeworbenem Kapital in H\u00f6he von 7,0 Milliarden Euro ist BU der gr\u00f6\u00dfte Mid-Cap-Investor mit Hauptsitz in der DACH-Region. Die von BU beratenen Fonds investieren in mittelst\u00e4ndische Unternehmen mit Sitz in Deutschland, der Schweiz, Italien und \u00d6sterreich. Mit der Mission, der bevorzugte Partner f\u00fcr Unternehmer und familiengef\u00fchrte Unternehmen zu sein, konzentriert sich BU auf Marktf\u00fchrer und \u201eHidden Champions\u201c, die \u00fcber starke Management-Teams und signifikantes Wachstumspotenzial verf\u00fcgen. Seit der Gr\u00fcndung im Jahr 2015 haben die von BU beratenen Fonds in mehr als 140 Unternehmen mit \u00fcber 29.000 Mitarbeitern investiert und dabei rund 10.000 Arbeitspl\u00e4tze geschaffen. Als strategischer Partner unterst\u00fctzt BU Unternehmer und Familien bei der Weiterentwicklung, Internationalisierung und Digitalisierung ihrer Unternehmen. Dabei liegt der Fokus darauf, nachhaltige Werte zu schaffen \u2013 stets mit Blick auf die n\u00e4chste Generation. <a href=\"https:\/\/www.bu-partners.de\" target=\"_blank\" rel=\"noopener\">www.bu-partners.de<\/a><\/h6>\n<\/figcaption>\n                    <\/figure>\n                    \n                <\/div>\n        <\/div>\n    <\/div>\n<\/section>","protected":false},"excerpt":{"rendered":"","protected":false},"author":3,"featured_media":0,"parent":0,"menu_order":0,"comment_status":"closed","ping_status":"closed","template":"","meta":{"_acf_changed":false,"footnotes":""},"class_list":["post-1284","page","type-page","status-publish","hentry"],"acf":[],"yoast_head":"<!-- This site is optimized with the Yoast SEO plugin v27.2 - https:\/\/yoast.com\/product\/yoast-seo-wordpress\/ -->\n<title>ACTICO Group holt Keensight Capital als Investor an Bord<\/title>\n<meta name=\"description\" content=\"Keensight Capital \u00fcbernimmt die Mehrheitsbeteiligung an der ACTICO Group.\" \/>\n<meta name=\"robots\" content=\"index, follow, max-snippet:-1, max-image-preview:large, max-video-preview:-1\" \/>\n<link rel=\"canonical\" href=\"https:\/\/acticogroup.com\/de\/actico-group-und-keensight-capital\/\" \/>\n<meta property=\"og:locale\" content=\"de_DE\" \/>\n<meta property=\"og:type\" content=\"article\" \/>\n<meta property=\"og:title\" content=\"ACTICO Group holt Keensight Capital als Investor an Bord\" \/>\n<meta property=\"og:description\" content=\"Keensight Capital \u00fcbernimmt die Mehrheitsbeteiligung an der ACTICO Group.\" \/>\n<meta property=\"og:url\" content=\"https:\/\/acticogroup.com\/de\/actico-group-und-keensight-capital\/\" \/>\n<meta property=\"og:site_name\" content=\"ACTICO Group\" \/>\n<meta property=\"article:modified_time\" content=\"2025-03-14T08:29:40+00:00\" \/>\n<meta name=\"twitter:card\" content=\"summary_large_image\" \/>\n<script type=\"application\/ld+json\" class=\"yoast-schema-graph\">{\"@context\":\"https:\/\/schema.org\",\"@graph\":[{\"@type\":\"WebPage\",\"@id\":\"https:\/\/acticogroup.com\/de\/actico-group-und-keensight-capital\/\",\"url\":\"https:\/\/acticogroup.com\/de\/actico-group-und-keensight-capital\/\",\"name\":\"ACTICO Group holt Keensight Capital als Investor an Bord\",\"isPartOf\":{\"@id\":\"https:\/\/acticogroup.com\/de\/#website\"},\"datePublished\":\"2025-03-13T13:59:12+00:00\",\"dateModified\":\"2025-03-14T08:29:40+00:00\",\"description\":\"Keensight Capital \u00fcbernimmt die Mehrheitsbeteiligung an der ACTICO Group.\",\"breadcrumb\":{\"@id\":\"https:\/\/acticogroup.com\/de\/actico-group-und-keensight-capital\/#breadcrumb\"},\"inLanguage\":\"de\",\"potentialAction\":[{\"@type\":\"ReadAction\",\"target\":[\"https:\/\/acticogroup.com\/de\/actico-group-und-keensight-capital\/\"]}]},{\"@type\":\"BreadcrumbList\",\"@id\":\"https:\/\/acticogroup.com\/de\/actico-group-und-keensight-capital\/#breadcrumb\",\"itemListElement\":[{\"@type\":\"ListItem\",\"position\":1,\"name\":\"Startseite\",\"item\":\"https:\/\/acticogroup.com\/de\/\"},{\"@type\":\"ListItem\",\"position\":2,\"name\":\"ACTICO Group und Keensight Capital\"}]},{\"@type\":\"WebSite\",\"@id\":\"https:\/\/acticogroup.com\/de\/#website\",\"url\":\"https:\/\/acticogroup.com\/de\/\",\"name\":\"ACTICO Group\",\"description\":\"\",\"potentialAction\":[{\"@type\":\"SearchAction\",\"target\":{\"@type\":\"EntryPoint\",\"urlTemplate\":\"https:\/\/acticogroup.com\/de\/?s={search_term_string}\"},\"query-input\":{\"@type\":\"PropertyValueSpecification\",\"valueRequired\":true,\"valueName\":\"search_term_string\"}}],\"inLanguage\":\"de\"}]}<\/script>\n<!-- \/ Yoast SEO plugin. -->","yoast_head_json":{"title":"ACTICO Group holt Keensight Capital als Investor an Bord","description":"Keensight Capital \u00fcbernimmt die Mehrheitsbeteiligung an der ACTICO Group.","robots":{"index":"index","follow":"follow","max-snippet":"max-snippet:-1","max-image-preview":"max-image-preview:large","max-video-preview":"max-video-preview:-1"},"canonical":"https:\/\/acticogroup.com\/de\/actico-group-und-keensight-capital\/","og_locale":"de_DE","og_type":"article","og_title":"ACTICO Group holt Keensight Capital als Investor an Bord","og_description":"Keensight Capital \u00fcbernimmt die Mehrheitsbeteiligung an der ACTICO Group.","og_url":"https:\/\/acticogroup.com\/de\/actico-group-und-keensight-capital\/","og_site_name":"ACTICO Group","article_modified_time":"2025-03-14T08:29:40+00:00","twitter_card":"summary_large_image","schema":{"@context":"https:\/\/schema.org","@graph":[{"@type":"WebPage","@id":"https:\/\/acticogroup.com\/de\/actico-group-und-keensight-capital\/","url":"https:\/\/acticogroup.com\/de\/actico-group-und-keensight-capital\/","name":"ACTICO Group holt Keensight Capital als Investor an Bord","isPartOf":{"@id":"https:\/\/acticogroup.com\/de\/#website"},"datePublished":"2025-03-13T13:59:12+00:00","dateModified":"2025-03-14T08:29:40+00:00","description":"Keensight Capital \u00fcbernimmt die Mehrheitsbeteiligung an der ACTICO Group.","breadcrumb":{"@id":"https:\/\/acticogroup.com\/de\/actico-group-und-keensight-capital\/#breadcrumb"},"inLanguage":"de","potentialAction":[{"@type":"ReadAction","target":["https:\/\/acticogroup.com\/de\/actico-group-und-keensight-capital\/"]}]},{"@type":"BreadcrumbList","@id":"https:\/\/acticogroup.com\/de\/actico-group-und-keensight-capital\/#breadcrumb","itemListElement":[{"@type":"ListItem","position":1,"name":"Startseite","item":"https:\/\/acticogroup.com\/de\/"},{"@type":"ListItem","position":2,"name":"ACTICO Group und Keensight Capital"}]},{"@type":"WebSite","@id":"https:\/\/acticogroup.com\/de\/#website","url":"https:\/\/acticogroup.com\/de\/","name":"ACTICO Group","description":"","potentialAction":[{"@type":"SearchAction","target":{"@type":"EntryPoint","urlTemplate":"https:\/\/acticogroup.com\/de\/?s={search_term_string}"},"query-input":{"@type":"PropertyValueSpecification","valueRequired":true,"valueName":"search_term_string"}}],"inLanguage":"de"}]}},"_links":{"self":[{"href":"https:\/\/acticogroup.com\/de\/wp-json\/wp\/v2\/pages\/1284","targetHints":{"allow":["GET"]}}],"collection":[{"href":"https:\/\/acticogroup.com\/de\/wp-json\/wp\/v2\/pages"}],"about":[{"href":"https:\/\/acticogroup.com\/de\/wp-json\/wp\/v2\/types\/page"}],"author":[{"embeddable":true,"href":"https:\/\/acticogroup.com\/de\/wp-json\/wp\/v2\/users\/3"}],"replies":[{"embeddable":true,"href":"https:\/\/acticogroup.com\/de\/wp-json\/wp\/v2\/comments?post=1284"}],"version-history":[{"count":13,"href":"https:\/\/acticogroup.com\/de\/wp-json\/wp\/v2\/pages\/1284\/revisions"}],"predecessor-version":[{"id":1342,"href":"https:\/\/acticogroup.com\/de\/wp-json\/wp\/v2\/pages\/1284\/revisions\/1342"}],"wp:attachment":[{"href":"https:\/\/acticogroup.com\/de\/wp-json\/wp\/v2\/media?parent=1284"}],"curies":[{"name":"wp","href":"https:\/\/api.w.org\/{rel}","templated":true}]}}